{"id":1386,"date":"2017-10-30T16:00:26","date_gmt":"2017-10-30T15:00:26","guid":{"rendered":"http:\/\/www.der-foodie.de\/home\/?page_id=1386"},"modified":"2024-07-09T14:50:20","modified_gmt":"2024-07-09T12:50:20","slug":"foodie-menu-oktober-2017","status":"publish","type":"page","link":"https:\/\/www.der-foodie.de\/home\/aktuelles\/foodie-menu-oktober-2017\/","title":{"rendered":"Impressionen food!e-Genuss-Abend Oktober 2017 mit Andr\u00e9 M\u00fchlfriedel"},"content":{"rendered":"<div class=\"t4p-one-half one_half t4p-column\">\n<p>Am Samstag, dem 21.10.2017 fand wieder unser food!e-Genuss-Abend statt. Die G\u00e4ste wurden im Laufe des Abends von Andr\u00e9 M\u00fchlfriedel und Adrian Sch\u00f6nfeld mit einem 6-Gang-Men\u00fc kulinarisch verw\u00f6hnt. Dazu wurden korrespondierende Weine gereicht.<\/p>\n<\/div>\n<div class=\"t4p-one-half one_half t4p-column last\">\n<p>Unser front cooking-Konzept bew\u00e4hrt sich.<\/p>\n<\/div><div class=\"t4p-clearfix\"><\/div>\n","protected":false},"excerpt":{"rendered":"","protected":false},"author":1,"featured_media":0,"parent":942,"menu_order":0,"comment_status":"closed","ping_status":"closed","template":"","meta":[],"_links":{"self":[{"href":"https:\/\/www.der-foodie.de\/home\/wp-json\/wp\/v2\/pages\/1386"}],"collection":[{"href":"https:\/\/www.der-foodie.de\/home\/wp-json\/wp\/v2\/pages"}],"about":[{"href":"https:\/\/www.der-foodie.de\/home\/wp-json\/wp\/v2\/types\/page"}],"author":[{"embeddable":true,"href":"https:\/\/www.der-foodie.de\/home\/wp-json\/wp\/v2\/users\/1"}],"replies":[{"embeddable":true,"href":"https:\/\/www.der-foodie.de\/home\/wp-json\/wp\/v2\/comments?post=1386"}],"version-history":[{"count":1,"href":"https:\/\/www.der-foodie.de\/home\/wp-json\/wp\/v2\/pages\/1386\/revisions"}],"predecessor-version":[{"id":1387,"href":"https:\/\/www.der-foodie.de\/home\/wp-json\/wp\/v2\/pages\/1386\/revisions\/1387"}],"up":[{"embeddable":true,"href":"https:\/\/www.der-foodie.de\/home\/wp-json\/wp\/v2\/pages\/942"}],"wp:attachment":[{"href":"https:\/\/www.der-foodie.de\/home\/wp-json\/wp\/v2\/media?parent=1386"}],"curies":[{"name":"wp","href":"https:\/\/api.w.org\/{rel}","templated":true}]}}