{"id":1519,"date":"2018-01-31T13:51:30","date_gmt":"2018-01-31T12:51:30","guid":{"rendered":"http:\/\/www.der-foodie.de\/home\/?page_id=1519"},"modified":"2024-02-19T14:32:14","modified_gmt":"2024-02-19T13:32:14","slug":"kochkurs","status":"publish","type":"page","link":"https:\/\/www.der-foodie.de\/home\/kochkurs\/","title":{"rendered":"Kochkurs"},"content":{"rendered":"\n<p><span style=\"font-size: 14pt; color: #008000;\"><strong>Privatkochkurs<\/strong><\/span><\/p>\n\n\n\n<div class=\"is-layout-flex wp-container-3 wp-block-columns\">\n<div class=\"is-layout-flow wp-block-column\">\n<p>Die Besonderheit eines solchen Kochkurses besteht in der ungeteilten Aufmerksamkeit, die der Koch seinem Sch\u00fcler w\u00e4hrend des Kurses widmen kann und der direkten Kommunikation, die dabei m\u00f6glich ist. S\u00e4mtliche Handgriffe und Prozesse beim Zubereiten eines Men\u00fcs<\/p>\n<\/div>\n\n\n\n<div class=\"is-layout-flow wp-block-column\">\n<p>werden vom Kochsch\u00fcler unter Anleitung selbst ausgef\u00fchrt, was bedeutet, dass der Teilnehmer die M\u00f6glichkeit hat, je nach Umfang des Men\u00fcs an zwei aufeinander folgenden Tagen seine Kochkenntnisse zu erweitern und zu intensivieren.<\/p>\n<\/div>\n<\/div>\n\n\n\n<p class=\"has-text-align-center\"><\/p>\n\n\n\n<hr class=\"wp-block-separator has-alpha-channel-opacity\"\/>\n\n\n\n<p class=\"has-text-align-center\">Wenn Sie Interesse an einem Kochkurs haben, nehmen Sie bitte <br>mit uns Kontakt auf. Gerne stellen wir mit Ihnen zusammen ein Men\u00fc auf, <br>welches Sie dann unter Anleitung f\u00fcr Ihre G\u00e4ste zubereiten k\u00f6nnen.<\/p>\n\n\n\n<div class=\"is-layout-flex wp-container-4 wp-block-columns\"><\/div>\n","protected":false},"excerpt":{"rendered":"<p>Privatkochkurs Die Besonderheit eines solchen Kochkurses besteht in der ungeteilten Aufmerksamkeit, die der Koch seinem Sch\u00fcler w\u00e4hrend des Kurses widmen kann und der direkten Kommunikation, die dabei m\u00f6glich ist. S\u00e4mtliche Handgriffe und Prozesse beim Zubereiten eines Men\u00fcs werden vom Kochsch\u00fcler unter Anleitung selbst ausgef\u00fchrt, was bedeutet, dass der Teilnehmer die M\u00f6glichkeit hat, je nach Umfang [&hellip;]<\/p>\n","protected":false},"author":1,"featured_media":0,"parent":0,"menu_order":0,"comment_status":"closed","ping_status":"closed","template":"","meta":[],"_links":{"self":[{"href":"https:\/\/www.der-foodie.de\/home\/wp-json\/wp\/v2\/pages\/1519"}],"collection":[{"href":"https:\/\/www.der-foodie.de\/home\/wp-json\/wp\/v2\/pages"}],"about":[{"href":"https:\/\/www.der-foodie.de\/home\/wp-json\/wp\/v2\/types\/page"}],"author":[{"embeddable":true,"href":"https:\/\/www.der-foodie.de\/home\/wp-json\/wp\/v2\/users\/1"}],"replies":[{"embeddable":true,"href":"https:\/\/www.der-foodie.de\/home\/wp-json\/wp\/v2\/comments?post=1519"}],"version-history":[{"count":26,"href":"https:\/\/www.der-foodie.de\/home\/wp-json\/wp\/v2\/pages\/1519\/revisions"}],"predecessor-version":[{"id":3376,"href":"https:\/\/www.der-foodie.de\/home\/wp-json\/wp\/v2\/pages\/1519\/revisions\/3376"}],"wp:attachment":[{"href":"https:\/\/www.der-foodie.de\/home\/wp-json\/wp\/v2\/media?parent=1519"}],"curies":[{"name":"wp","href":"https:\/\/api.w.org\/{rel}","templated":true}]}}