{"id":1697,"date":"2018-03-16T10:37:19","date_gmt":"2018-03-16T09:37:19","guid":{"rendered":"http:\/\/www.der-foodie.de\/home\/?page_id=1697"},"modified":"2023-01-30T12:30:13","modified_gmt":"2023-01-30T11:30:13","slug":"foodie-genussabend-maerz-2018","status":"publish","type":"page","link":"https:\/\/www.der-foodie.de\/home\/aktuelles\/foodie-genussabend-maerz-2018\/","title":{"rendered":"Impressionen food!e-Genuss-Abend M\u00e4rz 2018 mit Andr\u00e9 M\u00fchlfriedel"},"content":{"rendered":"<div class=\"t4p-one-half one_half t4p-column\">\n<p>Wir freuen uns, dass der food!e-Genuss-Abend am 10.03.2018 f\u00fcr unsere G\u00e4ste wieder ein voller Erfolg war. Unter dem Motto Genuss und Kommu-<\/p>\n<\/div>\n<div class=\"t4p-one-half one_half t4p-column last\">\n<p>nikation kreierte Sternekoch Andr\u00e9 M\u00fchlfriedel ein Sechs-Gang-Men\u00fc, welches die G\u00e4ste mit viel Lob honorierten.<\/p>\n<\/div><div class=\"t4p-clearfix\"><\/div>\n","protected":false},"excerpt":{"rendered":"","protected":false},"author":1,"featured_media":0,"parent":942,"menu_order":0,"comment_status":"closed","ping_status":"closed","template":"","meta":[],"_links":{"self":[{"href":"https:\/\/www.der-foodie.de\/home\/wp-json\/wp\/v2\/pages\/1697"}],"collection":[{"href":"https:\/\/www.der-foodie.de\/home\/wp-json\/wp\/v2\/pages"}],"about":[{"href":"https:\/\/www.der-foodie.de\/home\/wp-json\/wp\/v2\/types\/page"}],"author":[{"embeddable":true,"href":"https:\/\/www.der-foodie.de\/home\/wp-json\/wp\/v2\/users\/1"}],"replies":[{"embeddable":true,"href":"https:\/\/www.der-foodie.de\/home\/wp-json\/wp\/v2\/comments?post=1697"}],"version-history":[{"count":5,"href":"https:\/\/www.der-foodie.de\/home\/wp-json\/wp\/v2\/pages\/1697\/revisions"}],"predecessor-version":[{"id":1704,"href":"https:\/\/www.der-foodie.de\/home\/wp-json\/wp\/v2\/pages\/1697\/revisions\/1704"}],"up":[{"embeddable":true,"href":"https:\/\/www.der-foodie.de\/home\/wp-json\/wp\/v2\/pages\/942"}],"wp:attachment":[{"href":"https:\/\/www.der-foodie.de\/home\/wp-json\/wp\/v2\/media?parent=1697"}],"curies":[{"name":"wp","href":"https:\/\/api.w.org\/{rel}","templated":true}]}}