{"id":2,"date":"2016-02-23T11:32:13","date_gmt":"2016-02-23T10:32:13","guid":{"rendered":"http:\/\/www.der-foodie.de\/?page_id=2"},"modified":"2026-03-03T14:16:38","modified_gmt":"2026-03-03T13:16:38","slug":"beispiel-seite","status":"publish","type":"page","link":"https:\/\/www.der-foodie.de\/home\/","title":{"rendered":"Home"},"content":{"rendered":"\n<!--more-->\n\n\n<p><a href=\"https:\/\/www.der-foodie.de\/wp-content\/uploads\/osterbrot_1400x500_1-1.jpg\"><img decoding=\"async\" loading=\"lazy\" class=\"alignnone size-full wp-image-2677\" src=\"https:\/\/www.der-foodie.de\/wp-content\/uploads\/osterbrot_1400x500_1-1.jpg\" alt=\"\" width=\"1400\" height=\"500\" srcset=\"https:\/\/www.der-foodie.de\/wp-content\/uploads\/osterbrot_1400x500_1-1.jpg 1400w, https:\/\/www.der-foodie.de\/wp-content\/uploads\/osterbrot_1400x500_1-1-300x107.jpg 300w\" sizes=\"(max-width: 1400px) 100vw, 1400px\" \/><\/a><\/p>\n<p style=\"text-align: center;\"><strong>S\u00e4chsisches Osterbrot aus handwerklicher B\u00e4ckerei &#8211; f\u00fcr\u00b4s Osterfest wieder in unserem Online-Shop erh\u00e4ltlich:<\/strong><br>\n<strong><a href=\"https:\/\/www.christstollen-shop.com\/\" target=\"_blank\" rel=\"noopener\">www.christstollen-shop.com<\/a><\/strong><\/p>\n\n\n<p><span style=\"font-size: 36pt;\">Catering &#8211; Kochkurse &#8211; Vermietung<\/span><\/p>\n\n\n\n<hr class=\"wp-block-separator has-alpha-channel-opacity\"\/>\n\n\n\n<div style=\"height:28px\" aria-hidden=\"true\" class=\"wp-block-spacer\"><\/div>\n\n\n\n<div class=\"is-layout-flex wp-container-3 wp-block-columns\">\n<div class=\"is-layout-flow wp-block-column\" style=\"flex-basis:50%\">\n<figure class=\"wp-block-image size-full\"><a href=\"https:\/\/www.der-foodie.de\/wp-content\/uploads\/foodie_location_showkueche.jpg\"><img decoding=\"async\" loading=\"lazy\" width=\"1200\" height=\"800\" src=\"https:\/\/www.der-foodie.de\/wp-content\/uploads\/foodie_location_showkueche.jpg\" alt=\"Food!e-Location mit Showk\u00fcche\" class=\"wp-image-3333\" title=\"Food!e-Location mit Showk\u00fcche\" srcset=\"https:\/\/www.der-foodie.de\/wp-content\/uploads\/foodie_location_showkueche.jpg 1200w, https:\/\/www.der-foodie.de\/wp-content\/uploads\/foodie_location_showkueche-300x200.jpg 300w\" sizes=\"(max-width: 1200px) 100vw, 1200px\" \/><\/a><\/figure>\n\n\n\n<p>Der food!e ist eine kleine, individuelle Location mit Showk\u00fcche in Dresden Friedrichstadt. F\u00fcr Gesellschaften bis ca. 16 Personen ist der foodie die ideale Location, um in v\u00f6llig ungest\u00f6rtem Ambiente kleine Feiern oder Firmenbesprechungen abzuhalten.<\/p>\n<\/div>\n\n\n\n<div class=\"is-layout-flow wp-block-column\" style=\"flex-basis:50%\">\n<figure class=\"wp-block-image\"><a href=\"https:\/\/www.der-foodie.de\/wp-content\/uploads\/location_2.jpg\"><img decoding=\"async\" src=\"https:\/\/www.der-foodie.de\/wp-content\/uploads\/location_2.jpg\" alt=\"Partylocation\"\/><\/a><\/figure>\n\n\n\n<p>Eine Profik\u00fcche ist vorhanden sowie eine gro\u00dfe Auswahl an Geschirr, Gl\u00e4sern und Zubeh\u00f6r.<\/p>\n<\/div>\n<\/div>\n\n\n\n<div class=\"is-layout-flex wp-container-6 wp-block-columns\">\n<div class=\"is-layout-flow wp-block-column\" style=\"flex-basis:50%\">\n<figure class=\"wp-block-image size-full\"><a href=\"https:\/\/www.der-foodie.de\/wp-content\/uploads\/snacks.jpg\"><img decoding=\"async\" loading=\"lazy\" width=\"1200\" height=\"800\" src=\"https:\/\/www.der-foodie.de\/wp-content\/uploads\/snacks.jpg\" alt=\"\" class=\"wp-image-3358\" srcset=\"https:\/\/www.der-foodie.de\/wp-content\/uploads\/snacks.jpg 1200w, https:\/\/www.der-foodie.de\/wp-content\/uploads\/snacks-300x200.jpg 300w\" sizes=\"(max-width: 1200px) 100vw, 1200px\" \/><\/a><\/figure>\n\n\n\n<p><\/p>\n<\/div>\n\n\n\n<div class=\"is-layout-flow wp-block-column\" style=\"flex-basis:50%\">\n<figure class=\"wp-block-image\"><a href=\"https:\/\/www.der-foodie.de\/wp-content\/uploads\/kochkurs-3.jpg\"><img decoding=\"async\" src=\"https:\/\/www.der-foodie.de\/wp-content\/uploads\/kochkurs-3.jpg\" alt=\"Men\u00fcabend im food!ie\"\/><\/a><\/figure>\n\n\n\n<p>Wir bieten auf Anfrage Men\u00fcabende f\u00fcr bis zu 10 Personen an.<\/p>\n<\/div>\n<\/div>\n\n\n\n<div class=\"is-layout-flex wp-container-9 wp-block-columns\">\n<div class=\"is-layout-flow wp-block-column\">\n<figure class=\"wp-block-image size-full\"><a href=\"https:\/\/www.der-foodie.de\/wp-content\/uploads\/catering-location.jpg\"><img decoding=\"async\" loading=\"lazy\" width=\"1200\" height=\"800\" src=\"https:\/\/www.der-foodie.de\/wp-content\/uploads\/catering-location.jpg\" alt=\"\" class=\"wp-image-3235\" srcset=\"https:\/\/www.der-foodie.de\/wp-content\/uploads\/catering-location.jpg 1200w, https:\/\/www.der-foodie.de\/wp-content\/uploads\/catering-location-300x200.jpg 300w\" sizes=\"(max-width: 1200px) 100vw, 1200px\" \/><\/a><\/figure>\n\n\n\n<p>Wir liefern und betreuen Ihr Catering komplett bis zu einer Personenanzahl von 100 G\u00e4sten.<\/p>\n<\/div>\n\n\n\n<div class=\"is-layout-flow wp-block-column\">\n<figure class=\"wp-block-image size-full\"><a href=\"https:\/\/www.der-foodie.de\/wp-content\/uploads\/stehtische_3.jpg\"><img decoding=\"async\" loading=\"lazy\" width=\"1200\" height=\"800\" src=\"https:\/\/www.der-foodie.de\/wp-content\/uploads\/stehtische_3.jpg\" alt=\"\" class=\"wp-image-3356\" srcset=\"https:\/\/www.der-foodie.de\/wp-content\/uploads\/stehtische_3.jpg 1200w, https:\/\/www.der-foodie.de\/wp-content\/uploads\/stehtische_3-300x200.jpg 300w\" sizes=\"(max-width: 1200px) 100vw, 1200px\" \/><\/a><\/figure>\n<\/div>\n<\/div>\n\n\n\n<div class=\"is-layout-flex wp-container-10 wp-block-columns\"><\/div>\n","protected":false},"excerpt":{"rendered":"","protected":false},"author":1,"featured_media":0,"parent":0,"menu_order":0,"comment_status":"closed","ping_status":"open","template":"","meta":[],"_links":{"self":[{"href":"https:\/\/www.der-foodie.de\/home\/wp-json\/wp\/v2\/pages\/2"}],"collection":[{"href":"https:\/\/www.der-foodie.de\/home\/wp-json\/wp\/v2\/pages"}],"about":[{"href":"https:\/\/www.der-foodie.de\/home\/wp-json\/wp\/v2\/types\/page"}],"author":[{"embeddable":true,"href":"https:\/\/www.der-foodie.de\/home\/wp-json\/wp\/v2\/users\/1"}],"replies":[{"embeddable":true,"href":"https:\/\/www.der-foodie.de\/home\/wp-json\/wp\/v2\/comments?post=2"}],"version-history":[{"count":457,"href":"https:\/\/www.der-foodie.de\/home\/wp-json\/wp\/v2\/pages\/2\/revisions"}],"predecessor-version":[{"id":3481,"href":"https:\/\/www.der-foodie.de\/home\/wp-json\/wp\/v2\/pages\/2\/revisions\/3481"}],"wp:attachment":[{"href":"https:\/\/www.der-foodie.de\/home\/wp-json\/wp\/v2\/media?parent=2"}],"curies":[{"name":"wp","href":"https:\/\/api.w.org\/{rel}","templated":true}]}}