{"id":2423,"date":"2020-01-21T12:10:06","date_gmt":"2020-01-21T11:10:06","guid":{"rendered":"https:\/\/www.der-foodie.de\/home\/?page_id=2423"},"modified":"2023-01-30T12:31:38","modified_gmt":"2023-01-30T11:31:38","slug":"impressionen-foode-genuss-abend-maerz-2019-mit-andre-muehlfriedel","status":"publish","type":"page","link":"https:\/\/www.der-foodie.de\/home\/aktuelles\/impressionen-foode-genuss-abend-maerz-2019-mit-andre-muehlfriedel\/","title":{"rendered":"Impressionen food!e-Genuss-Abend M\u00e4rz 2019 mit Andr\u00e9 M\u00fchlfriedel"},"content":{"rendered":"","protected":false},"excerpt":{"rendered":"","protected":false},"author":1,"featured_media":0,"parent":942,"menu_order":0,"comment_status":"closed","ping_status":"closed","template":"","meta":[],"_links":{"self":[{"href":"https:\/\/www.der-foodie.de\/home\/wp-json\/wp\/v2\/pages\/2423"}],"collection":[{"href":"https:\/\/www.der-foodie.de\/home\/wp-json\/wp\/v2\/pages"}],"about":[{"href":"https:\/\/www.der-foodie.de\/home\/wp-json\/wp\/v2\/types\/page"}],"author":[{"embeddable":true,"href":"https:\/\/www.der-foodie.de\/home\/wp-json\/wp\/v2\/users\/1"}],"replies":[{"embeddable":true,"href":"https:\/\/www.der-foodie.de\/home\/wp-json\/wp\/v2\/comments?post=2423"}],"version-history":[{"count":2,"href":"https:\/\/www.der-foodie.de\/home\/wp-json\/wp\/v2\/pages\/2423\/revisions"}],"predecessor-version":[{"id":2425,"href":"https:\/\/www.der-foodie.de\/home\/wp-json\/wp\/v2\/pages\/2423\/revisions\/2425"}],"up":[{"embeddable":true,"href":"https:\/\/www.der-foodie.de\/home\/wp-json\/wp\/v2\/pages\/942"}],"wp:attachment":[{"href":"https:\/\/www.der-foodie.de\/home\/wp-json\/wp\/v2\/media?parent=2423"}],"curies":[{"name":"wp","href":"https:\/\/api.w.org\/{rel}","templated":true}]}}