{"id":3057,"date":"2022-06-10T11:03:59","date_gmt":"2022-06-10T09:03:59","guid":{"rendered":"https:\/\/www.der-foodie.de\/home\/?page_id=3057"},"modified":"2024-02-13T14:36:17","modified_gmt":"2024-02-13T13:36:17","slug":"club-svs","status":"publish","type":"page","link":"https:\/\/www.der-foodie.de\/home\/location-2\/club-svs\/","title":{"rendered":"Club SvS"},"content":{"rendered":"\n\n\n<div class=\"is-layout-flex wp-container-3 wp-block-columns\">\n<div class=\"is-layout-flow wp-block-column\">\n<p>Sie planen eine gr\u00f6\u00dfere Feier und m\u00f6chten diese auch selbst genie\u00dfen? Das realisieren wir gerne f\u00fcr Sie. Der foodie hat die Location Club SvS in enger Kooperation gewinnen k\u00f6nnen und richtet hier exklusiv f\u00fcr Sie das Catering aus.<\/p>\n\n\n\n<p>Der Club SvS ist nur 3,5 km von unseren R\u00e4umlichkeiten entfernt und eignet sich hervorragend f\u00fcr gr\u00f6\u00dfere Tanzveranstaltungen, da eine B\u00fchne sowie Licht- und Tontechnik vorhanden sind. Au\u00dferdem k\u00f6nnen Beamer &amp; Beamerwand genutzt werden.<\/p>\n<\/div>\n\n\n\n<div class=\"is-layout-flow wp-block-column\">\n<p>Aber auch Familienfeiern, wie zum Beispiel Jugendweihen oder Geburtstage k\u00f6nnen in der Miet-Location Club SvS perfekt gefeiert werden. Rund um\u00b4s Objekt sind gen\u00fcgend kostenfreie Parkm\u00f6glichkeiten vorhanden.<\/p>\n\n\n\n<p>Es gibt einen weitl\u00e4ufigen Au\u00dfenbereich mit B\u00fchne, Bar, Sauna, Pool und Dusche. Kinder haben ausreichend Spielm\u00f6glichkeiten und das gesamte Areal ist ummauert und abschlie\u00dfbar, so dass die Gesellschaft v\u00f6llig privat bleibt.<\/p>\n<\/div>\n<\/div>\n\n\n\n<div class=\"is-layout-flex wp-container-6 wp-block-columns\">\n<div class=\"is-layout-flow wp-block-column\">\n<p><strong>Kapazit\u00e4ten:<\/strong><\/p>\n\n\n\n<ul>\n<li>EG 250 qm bis ca. 100 Personen<\/li>\n\n\n\n<li>Aussenbereich f\u00fcr bis zu 120 Personen<\/li>\n\n\n\n<li>Sanit\u00e4ranlagen<\/li>\n\n\n\n<li>Garderobenschlie\u00dff\u00e4cher<\/li>\n\n\n\n<li>Bar innen und au\u00dfen<\/li>\n\n\n\n<li>Licht- und Tontechnik, Beamer &amp; Beamerwand<\/li>\n\n\n\n<li>Bis zu 60 Sitzpl\u00e4tze mit Bestuhlung im Innenbereich m\u00f6glich<\/li>\n<\/ul>\n\n\n\n<p><strong><u>Ihre Catering-Anfrage richten Sie bitte an:<\/u><\/strong><\/p>\n\n\n\n<p>Der foodie<br>Gambrinusstr. 16<br>0351 49766390<br>E-Mail: info@der-foodie.de<\/p>\n\n\n\n<p><strong><u>Ihre Miet-Club-Anfrage richten Sie bitte an:<\/u><\/strong><\/p>\n\n\n\n<p>Der foodie<br>Gambrinusstr. 16<br>0351 49766390<br>E-Mail: info@der-foodie.de<\/p>\n<\/div>\n\n\n\n<div class=\"is-layout-flow wp-block-column\">\n\t\t<!-- MasterSlider -->\n\t\t<div id=\"P_MS69decf58dc3ba\" class=\"master-slider-parent msl ms-parent-id-6\" style=\"max-width:1200px;\">\n\n\t\t\t\n\t\t\t<!-- MasterSlider Main -->\n\t\t\t<div id=\"MS69decf58dc3ba\" class=\"master-slider ms-skin-default\" >\n\t\t\t\t \t\t\t\t \n\t\t\t\t<div  class=\"ms-slide\" data-delay=\"3\" data-fill-mode=\"fill\"  >\n\t\t\t\t\t<img src=\"https:\/\/www.der-foodie.de\/wp-content\/plugins\/master-slider\/public\/assets\/css\/blank.gif\" alt=\"\" title=\"\" data-src=\"https:\/\/www.der-foodie.de\/wp-content\/uploads\/catering_svs_01.jpg\" \/>\n\n\n\t<div class=\"ms-thumb\" ><div class=\"ms-tab-context\"><div class=\"&quot;ms-tab-context&quot;\"><\/div><\/div>\n<\/div>\n\t\t\t\t<\/div>\n\t\t\t\t<div  class=\"ms-slide\" data-delay=\"3\" data-fill-mode=\"fill\"  >\n\t\t\t\t\t<img src=\"https:\/\/www.der-foodie.de\/wp-content\/plugins\/master-slider\/public\/assets\/css\/blank.gif\" alt=\"\" title=\"\" data-src=\"https:\/\/www.der-foodie.de\/wp-content\/uploads\/catering_svs_02.jpg\" \/>\n\n\n\t<div class=\"ms-thumb\" ><div class=\"ms-tab-context\"><div class=\"&quot;ms-tab-context&quot;\"><\/div><\/div>\n<\/div>\n\t\t\t\t<\/div>\n\t\t\t\t<div  class=\"ms-slide\" data-delay=\"3\" data-fill-mode=\"fill\"  >\n\t\t\t\t\t<img src=\"https:\/\/www.der-foodie.de\/wp-content\/plugins\/master-slider\/public\/assets\/css\/blank.gif\" alt=\"\" title=\"\" data-src=\"https:\/\/www.der-foodie.de\/wp-content\/uploads\/catering_svs_06.jpg\" \/>\n\n\n\t<div class=\"ms-thumb\" ><div class=\"ms-tab-context\"><div class=\"&quot;ms-tab-context&quot;\"><\/div><\/div>\n<\/div>\n\t\t\t\t<\/div>\n\t\t\t\t<div  class=\"ms-slide\" data-delay=\"3\" data-fill-mode=\"fill\"  >\n\t\t\t\t\t<img src=\"https:\/\/www.der-foodie.de\/wp-content\/plugins\/master-slider\/public\/assets\/css\/blank.gif\" alt=\"\" title=\"\" data-src=\"https:\/\/www.der-foodie.de\/wp-content\/uploads\/catering_svs_05.jpg\" \/>\n\n\n\t<div class=\"ms-thumb\" ><div class=\"ms-tab-context\"><div class=\"&quot;ms-tab-context&quot;\"><\/div><\/div>\n<\/div>\n\t\t\t\t<\/div>\n\t\t\t\t<div  class=\"ms-slide\" data-delay=\"3\" data-fill-mode=\"fill\"  >\n\t\t\t\t\t<img src=\"https:\/\/www.der-foodie.de\/wp-content\/plugins\/master-slider\/public\/assets\/css\/blank.gif\" alt=\"\" title=\"\" data-src=\"https:\/\/www.der-foodie.de\/wp-content\/uploads\/catering_svs_04.jpg\" \/>\n\n\n\t<div class=\"ms-thumb\" ><div class=\"ms-tab-context\"><div class=\"&quot;ms-tab-context&quot;\"><\/div><\/div>\n<\/div>\n\t\t\t\t<\/div>\n\t\t\t\t<div  class=\"ms-slide\" data-delay=\"3\" data-fill-mode=\"fill\"  >\n\t\t\t\t\t<img src=\"https:\/\/www.der-foodie.de\/wp-content\/plugins\/master-slider\/public\/assets\/css\/blank.gif\" alt=\"\" title=\"\" data-src=\"https:\/\/www.der-foodie.de\/wp-content\/uploads\/catering_svs_03.jpg\" \/>\n\n\n\t<div class=\"ms-thumb\" ><div class=\"ms-tab-context\"><div class=\"&quot;ms-tab-context&quot;\"><\/div><\/div>\n<\/div>\n\t\t\t\t<\/div>\n\t\t\t\t<div  class=\"ms-slide\" data-delay=\"3\" data-fill-mode=\"fill\"  >\n\t\t\t\t\t<img src=\"https:\/\/www.der-foodie.de\/wp-content\/plugins\/master-slider\/public\/assets\/css\/blank.gif\" alt=\"\" title=\"\" data-src=\"https:\/\/www.der-foodie.de\/wp-content\/uploads\/catering_svs_07b.jpg\" \/>\n\n\n\t<div class=\"ms-thumb\" ><div class=\"ms-tab-context\"><div class=\"&quot;ms-tab-context&quot;\"><\/div><\/div>\n<\/div>\n\t\t\t\t<\/div>\n\n\t\t\t<\/div>\n\t\t\t<!-- END MasterSlider Main -->\n\n\t\t\t \n\t\t<\/div>\n\t\t<!-- END MasterSlider -->\n\n\t\t<script>\n\t\t(function ( $ ) {\n\t\t\t\"use strict\";\n\n\t\t\t$(function () {\n\t\t\t\tvar masterslider_c3ba = new MasterSlider();\n\n\t\t\t\t\/\/ slider controls\n\t\t\t\tmasterslider_c3ba.control('arrows'     ,{ autohide:true, overVideo:true  });\n\t\t\t\t\/\/ slider setup\n\t\t\t\tmasterslider_c3ba.setup(\"MS69decf58dc3ba\", {\n\t\t\t\t\t\twidth           : 1200,\n\t\t\t\t\t\theight          : 800,\n\t\t\t\t\t\tminHeight       : 0,\n\t\t\t\t\t\tspace           : 0,\n\t\t\t\t\t\tstart           : 1,\n\t\t\t\t\t\tgrabCursor      : true,\n\t\t\t\t\t\tswipe           : true,\n\t\t\t\t\t\tmouse           : true,\n\t\t\t\t\t\tlayout          : \"boxed\",\n\t\t\t\t\t\twheel           : false,\n\t\t\t\t\t\tautoplay        : true,\n\t\t\t\t\t\tinstantStartLayers:false,\n\t\t\t\t\t\tloop            : true,\n\t\t\t\t\t\tshuffle         : false,\n\t\t\t\t\t\tpreload         : 0,\n\t\t\t\t\t\theightLimit     : true,\n\t\t\t\t\t\tautoHeight      : false,\n\t\t\t\t\t\tsmoothHeight    : true,\n\t\t\t\t\t\tendPause        : false,\n\t\t\t\t\t\toverPause       : true,\n\t\t\t\t\t\tfillMode        : \"fill\",\n\t\t\t\t\t\tcenterControls  : true,\n\t\t\t\t\t\tstartOnAppear   : true,\n\t\t\t\t\t\tlayersMode      : \"center\",\n\t\t\t\t\t\thideLayers      : false,\n\t\t\t\t\t\tfullscreenMargin: 0,\n\t\t\t\t\t\tspeed           : 20,\n\t\t\t\t\t\tdir             : \"h\",\n\t\t\t\t\t\tparallaxMode    : 'swipe',\n\t\t\t\t\t\tview            : \"basic\"\n\t\t\t\t});\n\n\t\t\t\t\n\t\t\t\twindow.masterslider_instances = window.masterslider_instances || [];\n\t\t\t\twindow.masterslider_instances.push( masterslider_c3ba );\n\t\t\t });\n\n\t\t})(jQuery);\n\t\t<\/script>\n\n\n<\/div>\n<\/div>\n","protected":false},"excerpt":{"rendered":"<p>Sie planen eine gr\u00f6\u00dfere Feier und m\u00f6chten diese auch selbst genie\u00dfen? Das realisieren wir gerne f\u00fcr Sie. Der foodie hat die Location Club SvS in enger Kooperation gewinnen k\u00f6nnen und richtet hier exklusiv f\u00fcr Sie das Catering aus. Der Club SvS ist nur 3,5 km von unseren R\u00e4umlichkeiten entfernt und eignet sich hervorragend f\u00fcr gr\u00f6\u00dfere [&hellip;]<\/p>\n","protected":false},"author":1,"featured_media":0,"parent":3034,"menu_order":0,"comment_status":"closed","ping_status":"closed","template":"","meta":[],"_links":{"self":[{"href":"https:\/\/www.der-foodie.de\/home\/wp-json\/wp\/v2\/pages\/3057"}],"collection":[{"href":"https:\/\/www.der-foodie.de\/home\/wp-json\/wp\/v2\/pages"}],"about":[{"href":"https:\/\/www.der-foodie.de\/home\/wp-json\/wp\/v2\/types\/page"}],"author":[{"embeddable":true,"href":"https:\/\/www.der-foodie.de\/home\/wp-json\/wp\/v2\/users\/1"}],"replies":[{"embeddable":true,"href":"https:\/\/www.der-foodie.de\/home\/wp-json\/wp\/v2\/comments?post=3057"}],"version-history":[{"count":7,"href":"https:\/\/www.der-foodie.de\/home\/wp-json\/wp\/v2\/pages\/3057\/revisions"}],"predecessor-version":[{"id":3346,"href":"https:\/\/www.der-foodie.de\/home\/wp-json\/wp\/v2\/pages\/3057\/revisions\/3346"}],"up":[{"embeddable":true,"href":"https:\/\/www.der-foodie.de\/home\/wp-json\/wp\/v2\/pages\/3034"}],"wp:attachment":[{"href":"https:\/\/www.der-foodie.de\/home\/wp-json\/wp\/v2\/media?parent=3057"}],"curies":[{"name":"wp","href":"https:\/\/api.w.org\/{rel}","templated":true}]}}