{"id":746,"date":"2017-04-19T13:33:26","date_gmt":"2017-04-19T11:33:26","guid":{"rendered":"http:\/\/www.der-foodie.de\/home\/?page_id=746"},"modified":"2026-02-05T15:32:46","modified_gmt":"2026-02-05T14:32:46","slug":"impressum","status":"publish","type":"page","link":"https:\/\/www.der-foodie.de\/home\/impressum\/","title":{"rendered":"Impressum"},"content":{"rendered":"<p>CFG Fischer GmbH<br \/>\nGambrinusstr. 16<br \/>\n01159 Dresden<\/p>\n<p>Fon: +49 351 49766390<br \/>\nFax: +49 351 49766392<br \/>\nE-Mail: info@der-foodie.de<\/p>\n<p>Gesch\u00e4ftsf\u00fchrung: Kristina Fischer<br \/>\nRegistergericht: Amtsgericht Dresden<br \/>\nRegisternummer: HRB 35501<br \/>\nSteuer-Nr.: 203\/107\/18115<br \/>\nUmsatzsteuer-Identifikationsnummer<br \/>\ngem\u00e4\u00df \u00a727a Umsatzsteuergesetz: DE 295 720 954<br \/>\nVerantwortlich f\u00fcr den Inhalt nach \u00a755 Abs. 2 RStV:<br \/>\nKristina Fischer (Anschrift s. o.)<\/p>\n<p>www.der-foodie.de<\/p>\n<p><strong>Gew\u00e4hrleistung<\/strong><br \/>\nDie Informationen auf dieser Website wurden mit gr\u00f6\u00dftm\u00f6glicher Sorgfalt zusammengestellt. Trotzdem k\u00f6nnen wir nicht f\u00fcr die Fehlerfreiheit oder Genauigkeit der enthaltenen Informationen garantieren. Gew\u00e4hrleistung oder Haftung jeglicher Art, z.B. f\u00fcr die Richtigkeit, Zuverl\u00e4ssigkeit, Vollst\u00e4ndigkeit und Aktualit\u00e4t der Informationen, ist ausgeschlossen soweit diese nicht auf Vorsatz oder grober Fahrl\u00e4ssigkeit beruht.<\/p>\n<p><strong>Schutzrechte<\/strong><br \/>\nAlle Rechte an den Inhalten auf dieser Website, insbesondere an Texten, Bildern, Grafiken, Animationen sowie an Marken, Logos oder gesch\u00e4ftlichen Bezeichnungen bleiben vorbehalten.<\/p>\n<p><strong>Links<\/strong><br \/>\nVon dieser Website f\u00fchren Links auf andere Websites. Die CFG Fischer GmbH \u00fcbernimmt keine Verantwortung f\u00fcr die Inhalte dieser Websites, die \u00fcber die Links besucht werden k\u00f6nnen. Die CFG Fischer GmbH ist f\u00fcr die fremden Inhalte nicht verantwortlich. Sollten Sie Kenntnis von rechtswidrigen Inhalten auf den Websites anderer Anbieter erhalten, die Sie \u00fcber unsere Website per Link besuchen k\u00f6nnen, geben Sie uns bitte einen Hinweis, damit wir den Link auf das entsprechende Angebot \u00fcberpr\u00fcfen.<\/p>\n","protected":false},"excerpt":{"rendered":"<p>CFG Fischer GmbH Gambrinusstr. 16 01159 Dresden Fon: +49 351 49766390 Fax: +49 351 49766392 E-Mail: info@der-foodie.de Gesch\u00e4ftsf\u00fchrung: Kristina Fischer Registergericht: Amtsgericht Dresden Registernummer: HRB 35501 Steuer-Nr.: 203\/107\/18115 Umsatzsteuer-Identifikationsnummer gem\u00e4\u00df \u00a727a Umsatzsteuergesetz: DE 295 720 954 Verantwortlich f\u00fcr den Inhalt nach \u00a755 Abs. 2 RStV: Kristina Fischer (Anschrift s. o.) www.der-foodie.de Gew\u00e4hrleistung Die Informationen auf [&hellip;]<\/p>\n","protected":false},"author":1,"featured_media":0,"parent":0,"menu_order":0,"comment_status":"closed","ping_status":"closed","template":"","meta":[],"_links":{"self":[{"href":"https:\/\/www.der-foodie.de\/home\/wp-json\/wp\/v2\/pages\/746"}],"collection":[{"href":"https:\/\/www.der-foodie.de\/home\/wp-json\/wp\/v2\/pages"}],"about":[{"href":"https:\/\/www.der-foodie.de\/home\/wp-json\/wp\/v2\/types\/page"}],"author":[{"embeddable":true,"href":"https:\/\/www.der-foodie.de\/home\/wp-json\/wp\/v2\/users\/1"}],"replies":[{"embeddable":true,"href":"https:\/\/www.der-foodie.de\/home\/wp-json\/wp\/v2\/comments?post=746"}],"version-history":[{"count":11,"href":"https:\/\/www.der-foodie.de\/home\/wp-json\/wp\/v2\/pages\/746\/revisions"}],"predecessor-version":[{"id":3474,"href":"https:\/\/www.der-foodie.de\/home\/wp-json\/wp\/v2\/pages\/746\/revisions\/3474"}],"wp:attachment":[{"href":"https:\/\/www.der-foodie.de\/home\/wp-json\/wp\/v2\/media?parent=746"}],"curies":[{"name":"wp","href":"https:\/\/api.w.org\/{rel}","templated":true}]}}