{"id":749,"date":"2017-04-19T13:35:53","date_gmt":"2017-04-19T11:35:53","guid":{"rendered":"http:\/\/www.der-foodie.de\/home\/?page_id=749"},"modified":"2021-04-21T10:09:55","modified_gmt":"2021-04-21T08:09:55","slug":"datenschutz","status":"publish","type":"page","link":"https:\/\/www.der-foodie.de\/home\/datenschutz\/","title":{"rendered":"Datenschutz"},"content":{"rendered":"<h3>Datenschutzerkl\u00e4rung<\/h3>\n<p><strong>Information \u00fcber die Erhebung personenbezogener Daten<\/strong><\/p>\n<p>1.<br \/>\nIm Folgenden informieren wir \u00fcber die Erhebung personenbezogener Daten bei Nutzung unserer Website. Personenbezogene Daten sind alle Daten, die auf Sie pers\u00f6nlich beziehbar sind, z. B. Name, Adresse, E-Mail-Adressen, Nutzerverhalten.<\/p>\n<p>2.<br \/>\nVerantwortlicher gem. Art. 4 Nr. 7 EU-Datenschutz-Grundverordnung (DS-GVO) ist<\/p>\n<p>CFG Fischer GmbH<br \/>\nGambrinusstr. 16<br \/>\n01159 Dresden<\/p>\n<p>Telefon: 0351 49766391<br \/>\nFax: 0351 49766392<br \/>\nE-Mail: info@der-foodie.de<\/p>\n<p>3.<br \/>\nBei Ihrer Kontaktaufnahme mit uns per E-Mail oder \u00fcber ein Kontaktformular werden die von Ihnen mitgeteilten Daten (Ihre E-Mail-Adresse, ggf. Ihr Name und Ihre Telefonnummer) von uns gespeichert, um Ihre Fragen zu beantworten. Die in diesem Zusammenhang anfallenden Daten l\u00f6schen wir, nachdem die Speicherung nicht mehr erforderlich ist, oder schr\u00e4nken die Verarbeitung ein, falls gesetzliche Aufbewahrungspflichten bestehen. Rechtsgrundlage hierf\u00fcr ist Art. 6 Abs. 1 S. 1 lit. b DS-GVO.<\/p>\n<p>4.<br \/>\nFalls wir f\u00fcr einzelne Funktionen unseres Angebots auf beauftragte Dienstleister zur\u00fcckgreifen oder Ihre Daten f\u00fcr werbliche Zwecke nutzen m\u00f6chten, werden wir Sie untenstehend im Detail \u00fcber die jeweiligen Vorg\u00e4nge informieren. Dabei nennen wir auch die festgelegten Kriterien der Speicherdauer.<\/p>\n<p><strong>Ihre Rechte<\/strong><\/p>\n<p>1.<br \/>\nSie haben gegen\u00fcber uns folgende Rechte hinsichtlich der Sie betreffenden personenbezogenen Daten:<\/p>\n<p>\u2013\u00a0\u00a0 \u00a0 Recht auf Auskunft,<br \/>\n\u2013\u00a0\u00a0 \u00a0 Recht auf Berichtigung oder L\u00f6schung,<br \/>\n\u2013\u00a0\u00a0 \u00a0 Recht auf Einschr\u00e4nkung der Verarbeitung,<br \/>\n\u2013\u00a0\u00a0 \u00a0 Recht auf Widerspruch gegen die Verarbeitung,<br \/>\n\u2013\u00a0\u00a0 \u00a0 Recht auf Daten\u00fcbertragbarkeit.<\/p>\n<p>2.<br \/>\nSie haben zudem das Recht, sich bei einer Datenschutz-Aufsichtsbeh\u00f6rde \u00fcber die Verarbeitung Ihrer personenbezogenen Daten durch uns zu beschweren.<\/p>\n<p><strong>Erhebung personenbezogener Daten bei Besuch unserer Website<\/strong><\/p>\n<p>1.<br \/>\nBei der blo\u00df informatorischen Nutzung der Website, also wenn Sie sich nicht registrieren oder uns anderweitig Informationen \u00fcbermitteln, erheben wir nur die personenbezogenen Daten, die Ihr Browser an unseren Server \u00fcbermittelt. Wenn Sie unsere Website betrachten m\u00f6chten, erheben wir die folgenden Daten, die f\u00fcr uns technisch erforderlich sind, um Ihnen unsere Website anzuzeigen und die Stabilit\u00e4t und Sicherheit zu gew\u00e4hrleisten (Rechtsgrundlage ist Art.\u00a06 Abs.\u00a01 S.\u00a01 lit. f DS-GVO):<\/p>\n<p>\u2013\u00a0\u00a0 \u00a0 IP-Adresse<br \/>\n\u2013\u00a0\u00a0 \u00a0 Datum und Uhrzeit der Anfrage<br \/>\n\u2013\u00a0\u00a0 \u00a0 Zeitzonendifferenz zur Greenwich Mean Time (GMT)<br \/>\n\u2013\u00a0\u00a0 \u00a0 Inhalt der Anforderung (konkrete Seite)<br \/>\n\u2013\u00a0\u00a0 \u00a0 Zugriffsstatus\/HTTP-Statuscode<br \/>\n\u2013\u00a0\u00a0 \u00a0 jeweils \u00fcbertragene Datenmenge<br \/>\n\u2013\u00a0\u00a0 \u00a0 Website, von der die Anforderung kommt<br \/>\n\u2013\u00a0\u00a0 \u00a0 Browser<br \/>\n\u2013\u00a0\u00a0 \u00a0 Betriebssystem und dessen Oberfl\u00e4che<br \/>\n\u2013\u00a0\u00a0 \u00a0 Sprache und Version der Browsersoftware.<\/p>\n<p>2.<br \/>\nZus\u00e4tzlich zu den zuvor genannten Daten werden bei Ihrer Nutzung unserer Website Cookies auf Ihrem Rechner gespeichert. Bei Cookies handelt es sich um kleine Textdateien, die auf Ihrer Festplatte dem von Ihnen verwendeten Browser zugeordnet gespeichert werden und durch welche der Stelle, die den Cookie setzt (hier durch uns), bestimmte Informationen zuflie\u00dfen. Cookies k\u00f6nnen keine Programme ausf\u00fchren oder Viren auf Ihren Computer \u00fcbertragen. Sie dienen dazu, das Internetangebot insgesamt nutzerfreundlicher und effektiver zu machen.<\/p>\n<p>3. Einsatz von Cookies:<\/p>\n<p>a)\u00a0\u00a0 \u00a0Diese Website nutzt folgende Arten von Cookies, deren Umfang und Funktionsweise im Folgenden erl\u00e4utert werden:<\/p>\n<p>\u2013\u00a0\u00a0 \u00a0 Transiente Cookies (dazu b)<br \/>\n\u2013\u00a0\u00a0 \u00a0 Persistente Cookies (dazu c).<\/p>\n<p>b)\u00a0\u00a0 \u00a0Transiente Cookies werden automatisiert gel\u00f6scht, wenn Sie den Browser schlie\u00dfen. Dazu z\u00e4hlen insbesondere die Session-Cookies. Diese speichern eine sogenannte Session-ID, mit welcher sich verschiedene Anfragen Ihres Browsers der gemeinsamen Sitzung zuordnen lassen. Dadurch kann Ihr Rechner wiedererkannt werden, wenn Sie auf unsere Website zur\u00fcckkehren. Die Session-Cookies werden gel\u00f6scht, wenn Sie sich ausloggen oder den Browser schlie\u00dfen.<\/p>\n<p>c)\u00a0\u00a0 \u00a0Persistente Cookies werden automatisiert nach einer vorgegebenen Dauer gel\u00f6scht, die sich je nach Cookie unterscheiden kann. Sie k\u00f6nnen die Cookies in den Sicherheitseinstellungen Ihres Browsers jederzeit l\u00f6schen.<\/p>\n<p>d)\u00a0\u00a0 \u00a0Sie k\u00f6nnen Ihre Browser-Einstellung entsprechend Ihren W\u00fcnschen konfigurieren und z. B. die Annahme von Third-Party-Cookies oder allen Cookies ablehnen. Wir weisen Sie darauf hin, dass Sie in diesem Fall eventuell nicht alle Funktionen dieser Website nutzen k\u00f6nnen.<\/p>\n<p><strong>Widerspruch oder Widerruf gegen die Verarbeitung Ihrer Daten<\/strong><\/p>\n<p>1.<br \/>\nFalls Sie eine Einwilligung zur Verarbeitung Ihrer Daten erteilt haben, k\u00f6nnen Sie diese jederzeit widerrufen. Ein solcher Widerruf beeinflusst die Zul\u00e4ssigkeit der Verarbeitung Ihrer personenbezogenen Daten, nachdem Sie ihn gegen\u00fcber uns ausgesprochen haben.<\/p>\n<p>2.<br \/>\nSoweit wir die Verarbeitung Ihrer personenbezogenen Daten auf die Interessenabw\u00e4gung st\u00fctzen, k\u00f6nnen Sie Widerspruch gegen die Verarbeitung einlegen. Dies ist der Fall, wenn die Verarbeitung insbesondere nicht zur Erf\u00fcllung eines Vertrags mit Ihnen erforderlich ist, was von uns jeweils bei der nachfolgenden Beschreibung der Funktionen dargestellt wird. Bei Aus\u00fcbung eines solchen Widerspruchs bitten wir um Darlegung der Gr\u00fcnde, weshalb wir Ihre personenbezogenen Daten nicht wie von uns durchgef\u00fchrt verarbeiten sollten. Im Falle Ihres begr\u00fcndeten Widerspruchs pr\u00fcfen wir die Sachlage und werden entweder die Datenverarbeitung einstellen bzw. anpassen oder Ihnen unsere zwingenden schutzw\u00fcrdigen Gr\u00fcnde aufzeigen, aufgrund derer wir die Verarbeitung fortf\u00fchren.<\/p>\n<p>3.<br \/>\nSelbstverst\u00e4ndlich k\u00f6nnen Sie der Verarbeitung Ihrer personenbezogenen Daten f\u00fcr Zwecke der Werbung und Datenanalyse jederzeit widersprechen. \u00dcber Ihren Werbewiderspruch k\u00f6nnen Sie uns unter oben genannten Kontaktdaten informieren.<\/p>\n<p><strong>Buchungen \u00fcber die Website<\/strong><\/p>\n<p>1.<br \/>\nWenn Sie \u00fcber unsere Website Dienstleistungen buchen m\u00f6chten, ist es f\u00fcr den Vertragsabschluss erforderlich, dass Sie Ihre pers\u00f6nlichen Daten angeben, die wir f\u00fcr die Abwicklung Ihrer Buchung ben\u00f6tigen. F\u00fcr die Abwicklung der Vertr\u00e4ge notwendige Pflichtangaben sind gesondert markiert, weitere Angaben sind freiwillig. Die von Ihnen angegebenen Daten verarbeiten wir zur Abwicklung Ihrer Bestellung. Rechtsgrundlage hierf\u00fcr ist Art. 6 Abs. 1 S. 1 lit. b DS-GVO.<\/p>\n<p>2.<br \/>\nWir sind aufgrund handels- und steuerrechtlicher Vorgaben verpflichtet, Ihre Adress-, Zahlungs- und Bestelldaten f\u00fcr die Dauer von zehn Jahren zu speichern. Allerdings nehmen wir nach zwei Jahren eine Einschr\u00e4nkung der Verarbeitung vor, d. h. Ihre Daten werden nur zur Einhaltung der gesetzlichen Verpflichtungen eingesetzt.<\/p>\n<p><strong>Nutzung unseres Webshops unter dem Aspekt des Datenschutzes<br \/>\n<\/strong><\/p>\n<p>1.<br \/>\nWenn Sie in unserem Webshop bestellen m\u00f6chten, ist es f\u00fcr den Vertragsabschluss erforderlich, dass Sie Ihre pers\u00f6nlichen Daten angeben, die wir f\u00fcr die Abwicklung Ihrer Bestellung ben\u00f6tigen. F\u00fcr die Abwicklung der Vertr\u00e4ge notwendige Pflichtangaben sind gesondert markiert, weitere Angaben sind freiwillig. Die von Ihnen angegebenen Daten verarbeiten wir zur Abwicklung Ihrer Bestellung. Rechtsgrundlage hierf\u00fcr ist Art. 6 Abs. 1 S. 1 lit. b DS-GVO.<\/p>\n<p>Sie k\u00f6nnen freiwillig ein Kundenkonto anlegen, durch das wir Ihre Daten f\u00fcr sp\u00e4tere weitere Eink\u00e4ufe speichern k\u00f6nnen. Bei Anlegung eines Accounts werden die von Ihnen angegebenen Daten widerruflich gespeichert. Alle weiteren Daten, inklusive Ihres Kundenkontos, k\u00f6nnen Sie stets l\u00f6schen. Die L\u00f6schung Ihres Kundenkontos ist jederzeit m\u00f6glich und kann durch eine Nachricht an die oben genannte Kontaktm\u00f6glichkeit erfolgen.<\/p>\n<p>2.<br \/>\nZur Vertragserf\u00fcllung gem\u00e4\u00df Art. 6 Abs. 1 S. 1 lit. b DS-GVO geben wir Ihre Daten an das mit der Lieferung beauftragte Versandunternehmen weiter, soweit dies zur Lieferung bestellter Waren erforderlich ist. Je nach dem, welchen Zahlungsdienstleister Sie im Bestellprozess ausw\u00e4hlen, geben wir zur Abwicklung von Zahlungen die hierf\u00fcr erhobenen Zahlungsdaten an das mit der Zahlung beauftragte Kreditinstitut und ggf. von uns beauftragte Zahlungsdienstleister weiter bzw. an den ausgew\u00e4hlten Zahlungsdienst. Zum Teil erheben die ausgew\u00e4hlten Zahlungsdienstleister diese Daten auch selbst, soweit Sie dort ein Konto anlegen. In diesem Fall m\u00fcssen Sie sich im Bestellprozess mit Ihren Zugangsdaten bei dem Zahlungsdienstleister anmelden. Es gilt insoweit die Datenschutzerkl\u00e4rung des jeweiligen Zahlungsdienstleisters.<\/p>\n<p>3.<br \/>\nWir sind aufgrund handels- und steuerrechtlicher Vorgaben verpflichtet, Ihre Adress-, Zahlungs- und Bestelldaten f\u00fcr die Dauer von zehn Jahren zu speichern. Allerdings nehmen wir nach zwei Jahren eine Einschr\u00e4nkung der Verarbeitung vor, d. h. Ihre Daten werden nur zur Einhaltung der gesetzlichen Verpflichtungen eingesetzt.<\/p>\n<p>4.<br \/>\nZur Verhinderung unberechtigter Zugriffe Dritter auf Ihre pers\u00f6nlichen Daten, insbesondere Finanzdaten, wird der Bestellvorgang per TLS-Technik verschl\u00fcsselt.<\/p>\n<p>&nbsp;<\/p>\n<p><strong>Hostingdienstleistungen durch einen Drittanbieter<\/strong><\/p>\n<p>Im Rahmen einer Verarbeitung in unserem Auftrag erbringt ein Drittanbieter f\u00fcr uns die Dienste zum Hosting und zur Darstellung der Website. Dies dient der Wahrung unserer im Rahmen einer Interessensabw\u00e4gung \u00fcberwiegenden berechtigten Interessen an einer korrekten Darstellung unseres Angebots gem\u00e4\u00df Art. 6 Abs. 1 S. 1 lit. f DS-GVO. Alle Daten, die im Rahmen der Nutzung dieser Website oder in daf\u00fcr vorgesehenen Formularen dieser Website wie folgend beschrieben erhoben werden, werden auf seinen Servern verarbeitet. Eine Verarbeitung auf anderen Servern findet nur in dem hier erl\u00e4uterten Rahmen statt.<\/p>\n<p>Dieser Dienstleister sitzt innerhalb eines Landes der Europ\u00e4ischen Union oder des Europ\u00e4ischen Wirtschaftsraums.<\/p>\n<p><strong>Einbindung von YouTube-Videos<\/strong><\/p>\n<p>1.<br \/>\nWir haben YouTube-Videos in unser Online-Angebot eingebunden, die auf http:\/\/www.YouTube.com gespeichert sind und von unserer Website aus direkt abspielbar sind.<\/p>\n<p>Diese sind alle im \u201eerweiterten Datenschutz-Modus\u201c eingebunden, d. h. dass keine Daten \u00fcber Sie als Nutzer an YouTube \u00fcbertragen werden, wenn Sie die Videos nicht abspielen. Erst wenn Sie die Videos abspielen, werden die in Ziffer 2 genannten Daten \u00fcbertragen. Auf diese Daten\u00fcbertragung haben wir keinen Einfluss.<\/p>\n<p>2.<br \/>\nDurch den Besuch auf der Website erh\u00e4lt YouTube die Information, dass Sie die entsprechende Unterseite unserer Website aufgerufen haben. Zudem werden die unter \u00a7 3 dieser Erkl\u00e4rung genannten Daten \u00fcbermittelt. Dies erfolgt unabh\u00e4ngig davon, ob YouTube ein Nutzerkonto bereitstellt, \u00fcber das Sie eingeloggt sind, oder ob kein Nutzerkonto besteht. Wenn Sie bei Google eingeloggt sind, werden Ihre Daten direkt Ihrem Konto zugeordnet. Wenn Sie die Zuordnung mit Ihrem Profil bei YouTube nicht w\u00fcnschen, m\u00fcssen Sie sich vor Aktivierung des Buttons ausloggen. YouTube speichert Ihre Daten als Nutzungsprofile und nutzt sie f\u00fcr Zwecke der Werbung, Marktforschung und\/oder bedarfsgerechten Gestaltung seiner Website. Eine solche Auswertung erfolgt insbesondere (selbst f\u00fcr nicht eingeloggte Nutzer) zur Erbringung von bedarfsgerechter Werbung und um andere Nutzer des sozialen Netzwerks \u00fcber Ihre Aktivit\u00e4ten auf unserer Website zu informieren. Ihnen steht ein Widerspruchsrecht zu gegen die Bildung dieser Nutzerprofile, wobei Sie sich zur Aus\u00fcbung dessen an YouTube richten m\u00fcssen.<\/p>\n<p>3.<br \/>\nWeitere Informationen zu Zweck und Umfang der Datenerhebung und ihrer Verarbeitung durch YouTube erhalten Sie in der Datenschutzerkl\u00e4rung. Dort erhalten Sie auch weitere Informationen zu Ihren Rechten und Einstellungsm\u00f6glichkeiten zum Schutze Ihrer Privatsph\u00e4re: https:\/\/www.google.de\/intl\/de\/policies\/privacy Google verarbeitet Ihre personenbezogenen Daten auch in den USA und hat sich dem EU-US-Privacy-Shield unterworfen, https:\/\/www.privacyshield.gov\/EU-US-Framework.<\/p>\n<p>&nbsp;<\/p>\n<p><strong>Einbindung von Google Maps<\/strong><\/p>\n<p>1.<br \/>\nAuf dieser Website nutzen wir das Angebot von Google Maps. Dadurch k\u00f6nnen wir Ihnen interaktive Karten direkt in der Website anzeigen und erm\u00f6glichen Ihnen die komfortable Nutzung der Karten-Funktion. Rechtsgrundlage f\u00fcr die Nutzung von Google Maps ist Art. 6 Abs. 1 S. 1 lit. f DS-GVO.<\/p>\n<p>2.<br \/>\nDurch den Besuch auf der Website erh\u00e4lt Google die Information, dass Sie die entsprechende Unterseite unserer Website aufgerufen haben. Zudem werden die unter \u00a7 3 dieser Erkl\u00e4rung genannten Daten \u00fcbermittelt. Dies erfolgt unabh\u00e4ngig davon, ob Google ein Nutzerkonto bereitstellt, \u00fcber das Sie eingeloggt sind, oder ob kein Nutzerkonto besteht. Wenn Sie bei Google eingeloggt sind, werden Ihre Daten direkt Ihrem Konto zugeordnet. Wenn Sie die Zuordnung mit Ihrem Profil bei Google nicht w\u00fcnschen, m\u00fcssen Sie sich vor Aktivierung des Buttons ausloggen. Google speichert Ihre Daten als Nutzungsprofile und nutzt sie f\u00fcr Zwecke der Werbung, Marktforschung und\/oder bedarfsgerechten Gestaltung seiner Website. Eine solche Auswertung erfolgt insbesondere (selbst f\u00fcr nicht eingeloggte Nutzer) zur Erbringung von bedarfsgerechter Werbung und um andere Nutzer des sozialen Netzwerks \u00fcber Ihre Aktivit\u00e4ten auf unserer Website zu informieren. Ihnen steht ein Widerspruchsrecht zu gegen die Bildung dieser Nutzerprofile, wobei Sie sich zur Aus\u00fcbung dessen an Google richten m\u00fcssen.<\/p>\n<p>3.<br \/>\nWeitere Informationen zu Zweck und Umfang der Datenerhebung und ihrer Verarbeitung durch den Plug-in-Anbieter erhalten Sie in den Datenschutzerkl\u00e4rungen des Anbieters. Dort erhalten Sie auch weitere Informationen zu Ihren diesbez\u00fcglichen Rechten und Einstellungsm\u00f6glichkeiten zum Schutze Ihrer Privatsph\u00e4re: http:\/\/www.google.de\/intl\/de\/policies\/privacy. Google verarbeitet Ihre personenbezogenen Daten auch in den USA und hat sich dem EU-US Privacy Shield unterworfen, https:\/\/www.privacyshield.gov\/EU-US-Framework.<\/p>\n<p>&nbsp;<\/p>\n<p><strong>Google Fonts<\/strong><\/p>\n<p>Beim Aufruf dieser Seiten l\u00e4dt Ihr Browser Web Fonts, die von Google bereitgestellt werden. Das ist notwendig, damit diese Seiten einheitlich und \u00fcbersichtlich dargestellt werden und stellt somit ein berechtigtes Interesse im Sinne von Art. 6 Abs. 1 lit. f DSGVO dar. Ihr Browser baut dadruch eine Verbindung zu den Servern von Google auf \u2013 dadurch erlangt Google Kenntnis dar\u00fcber, dass \u00fcber Ihre IP-Adresse unsere Website aufgerufen wurde. Sie k\u00f6nnen das Laden dieser Web Fonts in Ihrem Browser abstellen, dann wird eine Standardschrift von Ihrem Computer genutzt. F\u00fcr die Bereitstellung von Web Fonts findet die Datenschutzerkl\u00e4rung von Google Anwendung: https:\/\/www.google.com\/policies\/privacy\/.<\/p>\n<p><strong>Google reCAPTCHA<\/strong><\/p>\n<p>Wir nutzen das Angebot von Google reCAPTCHA auf unserer Website. Anbieter ist die Google Inc., 1600 Amphitheatre Parkway, Mountain View, CA 94043, USA.<\/p>\n<p>Mit reCAPTCHA soll \u00fcberpr\u00fcft werden, ob die Dateneingabe auf unserer Website (z.B. in einem Kontaktformular) durch einen Menschen oder durch ein automatisiertes Programm erfolgt. Hierzu analysiert reCAPTCHA das Verhalten des Websitebesuchers anhand verschiedener Merkmale. Diese Analyse beginnt automatisch, sobald der Websitebesucher die Website betritt. Zur Analyse wertet reCAPTCHA verschiedene Informationen aus (z.B. IP-Adresse, Verweildauer des Websitebesuchers auf der Website oder vom Nutzer get\u00e4tigte Mausbewegungen). Die bei der Analyse erfassten Daten werden an Google weitergeleitet.<\/p>\n<p>Die reCAPTCHA-Analysen laufen vollst\u00e4ndig im Hintergrund. Websitebesucher werden nicht darauf hingewiesen, dass eine Analyse stattfindet.<br \/>\nRechtsgrundlage f\u00fcr die Nutzung von Google reCAPTCHA ist Art. 6 Abs. 1 S. 1 lit. f DS-GVO. Wir haben ein berechtigtes Interesse daran, unsere Webangebote vor missbr\u00e4uchlicher automatisierter Aussp\u00e4hung und vor SPAM zu sch\u00fctzen.<\/p>\n<p>Weitere Informationen zu Google reCAPTCHA sowie die Datenschutzerkl\u00e4rung von Google entnehmen Sie folgenden Links: https:\/\/www.google.com\/intl\/de\/policies\/privacy\/ und https:\/\/www.google.com\/recaptcha\/intro\/android.html.<\/p>\n","protected":false},"excerpt":{"rendered":"<p>Datenschutzerkl\u00e4rung Information \u00fcber die Erhebung personenbezogener Daten 1. Im Folgenden informieren wir \u00fcber die Erhebung personenbezogener Daten bei Nutzung unserer Website. Personenbezogene Daten sind alle Daten, die auf Sie pers\u00f6nlich beziehbar sind, z. B. Name, Adresse, E-Mail-Adressen, Nutzerverhalten. 2. Verantwortlicher gem. Art. 4 Nr. 7 EU-Datenschutz-Grundverordnung (DS-GVO) ist CFG Fischer GmbH Gambrinusstr. 16 01159 Dresden [&hellip;]<\/p>\n","protected":false},"author":1,"featured_media":0,"parent":0,"menu_order":0,"comment_status":"closed","ping_status":"closed","template":"","meta":[],"_links":{"self":[{"href":"https:\/\/www.der-foodie.de\/home\/wp-json\/wp\/v2\/pages\/749"}],"collection":[{"href":"https:\/\/www.der-foodie.de\/home\/wp-json\/wp\/v2\/pages"}],"about":[{"href":"https:\/\/www.der-foodie.de\/home\/wp-json\/wp\/v2\/types\/page"}],"author":[{"embeddable":true,"href":"https:\/\/www.der-foodie.de\/home\/wp-json\/wp\/v2\/users\/1"}],"replies":[{"embeddable":true,"href":"https:\/\/www.der-foodie.de\/home\/wp-json\/wp\/v2\/comments?post=749"}],"version-history":[{"count":16,"href":"https:\/\/www.der-foodie.de\/home\/wp-json\/wp\/v2\/pages\/749\/revisions"}],"predecessor-version":[{"id":2755,"href":"https:\/\/www.der-foodie.de\/home\/wp-json\/wp\/v2\/pages\/749\/revisions\/2755"}],"wp:attachment":[{"href":"https:\/\/www.der-foodie.de\/home\/wp-json\/wp\/v2\/media?parent=749"}],"curies":[{"name":"wp","href":"https:\/\/api.w.org\/{rel}","templated":true}]}}