{"id":965,"date":"2017-07-10T17:17:54","date_gmt":"2017-07-10T15:17:54","guid":{"rendered":"http:\/\/www.der-foodie.de\/home\/?page_id=965"},"modified":"2026-02-05T15:28:50","modified_gmt":"2026-02-05T14:28:50","slug":"agb","status":"publish","type":"page","link":"https:\/\/www.der-foodie.de\/home\/agb\/","title":{"rendered":"AGB"},"content":{"rendered":"<p><a href=\"https:\/\/www.der-foodie.de\/agb-foodie.pdf\" target=\"_blank\" rel=\"noopener noreferrer\">AGB &#8211; Download (pdf)<\/a><br \/>\n<a href=\"https:\/\/www.der-foodie.de\/Musterwiderrufsformular-foodie.pdf\" target=\"_blank\" rel=\"noopener noreferrer\">Musterwiderrufs-Formular Download (pdf)<\/a><\/p>\n<h2>ALLGEMEINE GESCH\u00c4FTSBEDINGUNGEN CFG FISCHER GMBH<\/h2>\n<p>Diese allgemeinen Gesch\u00e4ftsbedingungen (im Folgenden nur noch als AGB bezeichnet) finden Anwendung auf alle rechtlichen Beziehungen zwischen der CFG Fischer GmbH (im Folgenden nur noch als CFG Fischer bezeichnet) und Kunden von CFG Fischer (im Folgenden nur noch als Kunde und \/ oder Besteller bezeichnet), welche Bestellungen \u00fcber den Internetshop von CFG Fischer ausl\u00f6sen oder anderweitige Leistungen von CFG Fischer in Anspruch nehmen.<\/p>\n<p style=\"text-align: center;\"><strong>\u00a7 1. ALLGEMEINE BESTIMMUNGEN \/ ANWENDUNGSBEREICH \/ VERTRAGSSPRACHE<\/strong><\/p>\n<p>1. Diese AGB regeln die rechtlichen Beziehungen zwischen CFG Fischer und dem Kunden, welcher Bestellungen \u00fcber den Internetshop von CFG Fischer t\u00e4tigt oder anderweitige Leistungen von CFG Fischer in Anspruch nimmt.<\/p>\n<p>2. Diese AGB gelten auch dann, wenn der Kunde von diesen abweichende Bedingungen verwendet oder in Kenntnis entgegenstehender AGB des Kunden Leistungen an diesen erbracht werden. Abweichende, erg\u00e4nzende und\/oder entgegenstehende AGB des Kunden werden mithin selbst bei Kenntnis nicht Vertragsbestandteil, mit Ausnahme, dass unsere Zustimmung im Hinblick auf die Geltung vorliegt. Wir erbringen alle Leistungen ausschlie\u00dflich auf der Grundlage dieser AGB. Es gilt die zum Zeitpunkt der Vornahme der gesch\u00e4ftlichen Handlung g\u00fcltige Fassung (der AGB), soweit sie nicht durch andere Vereinbarungen abge\u00e4ndert worden ist.<\/p>\n<p>3. Mit Absendung der Bestellung sichert der Kunde zu, uneingeschr\u00e4nkt gesch\u00e4ftsf\u00e4hig zu sein. Mit Zustandekommen des Vertrages best\u00e4tigt der Vertragspartner diese AGB zur Kenntnis genommen zu haben und als Bestandteil des Vertrages zu akzeptieren. Die Vertragssprache ist deutsch.<\/p>\n<p>4. Wir erbringen unsere Leistungen gegen\u00fcber Verbrauchern i.S.v. \u00a7 13 BGB und Unternehmern i.S.v. \u00a7 14 BGB. Unternehmer i.S.v. \u00a7 14 BGB ist eine nat\u00fcrliche oder juristische Person oder eine rechtsf\u00e4hige Personengesellschaft, die bei Abschluss eines Rechtsgesch\u00e4ftes in Aus\u00fcbung ihrer gewerblichen oder selbstst\u00e4ndigen beruflichen T\u00e4tigkeit handelt. Eine rechtsf\u00e4hige Personengesellschaft ist eine Personengesellschaft, die mit der F\u00e4higkeit ausgestattet ist, Rechte zu erwerben und Verbindlichkeiten einzugehen. Verbraucher i.S.v. \u00a7 13 BGB ist jede nat\u00fcrliche Person, die ein Rechtsgesch\u00e4ft zu Zwecken abschlie\u00dft, die \u00fcberwiegend weder ihrer gewerblichen noch ihrer selbstst\u00e4ndigen beruflichen T\u00e4tigkeit zugerechnet werden k\u00f6nnen. Ob der Kunde als Verbraucher oder als Unternehmer handelt ergibt sich aus seinen Angaben im Bestellvorgang oder dem zugrunde liegenden Auftrag. Die Bestimmungen dieser AGB gelten f\u00fcr Verbraucher und f\u00fcr Unternehmer gleicherma\u00dfen, es sei denn, dass in der jeweiligen Bestimmung ein expliziter Bezug nur auf Verbraucher oder nur auf Unternehmer genommen wird.<\/p>\n<p style=\"text-align: center;\"><strong>\u00a7 2. VERTRAGSABSCHLUSS \/ VERTRAGSGEGENSTAND \/ LEISTUNG DRITTER<\/strong><\/p>\n<p>1. Das Offerieren von Produkten in unserem Internetshop sowie s\u00e4mtlichen Unterseiten stellt kein verbindliches Angebot auf Abschluss eines Vertrages dar. Die Darstellung dieser Waren \/ dieser Leistungen ist lediglich als Aufforderung zur Abgabe eines Angebotes durch den Kunden zu verstehen.<\/p>\n<p>2. Durch die Bestellung des gew\u00fcnschten Produktes durch Bet\u00e4tigung des Buttons \u201ejetzt kaufen\u201c gibt der Kunde ein verbindliches Angebot zum Abschluss eines Kaufvertrages ab. Sodann erh\u00e4lt der Kunde eine automatische Bestellbest\u00e4tigung per E-Mail. Diese Bestellbest\u00e4tigung stellt keine Annahme des Angebotes des Kunden dar. Diese automatische Bestellbest\u00e4tigung fasst die Inhalte der Bestellung nochmals zusammen. Wir sind berechtigt, das Angebot, in Form der Bestellung, des Kunden innerhalb von 7 Tagen nach erfolgter Bestellung anzunehmen. \u00dcber diesen Zeitraum hinaus ist der Kunde an sein Angebot nicht mehr gebunden. Wir nehmen das Angebot des Kunden durch \u00dcbersendung einer fristgem\u00e4\u00dfen Auftragsbest\u00e4tigung an die vom Kunden \u00fcbersandte E-Mail-Adresse an.<\/p>\n<p>3. Gegenstand und Inhalt des Vertrages zwischen uns und dem Kunden sowie der entsprechende Leistungsumfang ergeben sich aus diesen AGB, der Bestellung des Kunden sowie den Produktangaben aus dem Bestellvorgang. Wir sind berechtigt, uns Dritter zur Erf\u00fcllung der sich aus dem Vertrag mit dem Kunden ergebenden Rechte und Pflichten zu bedienen.<\/p>\n<p style=\"text-align: center;\"><strong>\u00a7 3. BESTELLVORGANG INTERNETSHOP \/ PFLICHTANGABEN<\/strong><\/p>\n<p>1. Im Rahmen des Kaufvorganges beim Erwerb von Produkten \u00fcber den Internetshop muss der Kunde Pflichtangaben t\u00e4tigen, damit der Kauf abgeschlossen werden kann. Pflichtfelder sind als solche markiert und m\u00fcssen vom Kunden ausgef\u00fcllt werden. Der Kauf ist nur m\u00f6glich, wenn der Kunde diese Pflichtfelder ausf\u00fcllt. Nicht als Pflichtfelder gekennzeichnete Bereiche m\u00fcssen vom Kunden nicht ausgef\u00fcllt werden. Der Kunde ist verpflichtet, s\u00e4mtliche auszuf\u00fcllende Felder ordnungsgem\u00e4\u00df und der Wahrheit entsprechend auszuf\u00fcllen. Erfolgt dies nicht und entsteht hierdurch ein Schaden, so ist der Kunde zur Erstattung dieses Schadens verpflichtet.<\/p>\n<p>2. Erst nachdem der Kunde seine Angaben, u.a. bzgl. des Produktes sowie der Versand- und Zahlungsoptionen get\u00e4tigt hat und die Ware in den \u201eEinkaufskorb\u201c gelegt worden ist, erfolgt die verbindliche Bestellung \u00fcber den ausgewiesenen Button, woraus sich die Kostenpflicht des Kaufvorganges ergibt.<\/p>\n<p style=\"text-align: center;\"><strong>\u00a7 4. PREISE \/ ZAHLUNGSMODALIT\u00c4TEN \/ VERSAND<\/strong><\/p>\n<p>1. Die Verg\u00fctung richtet sich nach den im Bestellprozess angegebenen Preisen. Alle genannten Preise sind in Euro zu verstehen. Der Preis f\u00fcr das Produkt ergibt sich aus dem Bestellvorgang und wird vor Abgabe der verbindlichen Bestellung mittels des Buttons \u201ejetzt kaufen\u201c vollumf\u00e4nglich angezeigt. Dies ist ein Endpreis und beinhaltet alle endg\u00fcltigen Preisangaben, inklusive Mehrwertsteuer, Versand, Verpackung und etwaiger Geb\u00fchren f\u00fcr die vom Kunden ausgew\u00e4hlte Zahlungsart.<\/p>\n<p>2. Die H\u00f6he der Verpackungs- und Versandkosten ergibt sich aus dem Bestellvorgang. Sollte sich aus den Angaben im Bestellprozess keine anderweitige Regelung ergeben, so wird als Zahlungsmodalit\u00e4t \u201eVorkasse\u201c vereinbart. Mit vollst\u00e4ndiger Zahlung des Produktes werden die Produkte versandt. Kann die Zahlung durch den Kunden nicht erfolgen und beruht dies auf einem Verschulden des Kunden, bspw. weil das Konto nicht gedeckt ist und eine Geb\u00fchr f\u00fcr die R\u00fccklastschrift erhoben wird, so hat uns der Kunde diese Kosten zu erstatten. Rechnungen sind sp\u00e4testens 3 Werktage nach Rechnungsdatum zur Zahlung f\u00e4llig.<\/p>\n<p>3. Ausreichend ist die Rechnungslegung in elektronischer Form. Der Versand der Produkte erfolgt erst nach vollumf\u00e4nglicher Zahlung durch den Kunden, es sei denn, dass sich aus den Angaben im Bestellprozess etwas anderes ergibt.<\/p>\n<p style=\"text-align: center;\"><strong>\u00a7 5. LIEFERUNG \/ LIEFERMODALIT\u00c4TEN<\/strong><\/p>\n<p>Die Liefermodalit\u00e4ten und Lieferzeiten ergeben sich aus den Angaben aus dem Bestellprozess. Wir k\u00f6nnen uns bei der Lieferung von Produkten der Erbringung von Leistungen Dritter bedienen.<\/p>\n<p style=\"text-align: center;\"><strong>\u00a7 6. EIGENTUMSVORBEHALT \/ DATEN \/ LAGERUNG<\/strong><\/p>\n<p>1. Unsere Waren bleiben bis zur Erf\u00fcllung der Zahlungspflichten des Kunden in unserem Eigentum.<\/p>\n<p>2. Der Kunde hat jederzeit das Recht Auskunft \u00fcber Art und Umfang der gespeicherten Daten zu verlangen. Der Kunde hat weiterhin das Recht, jederzeit die L\u00f6schung seiner Daten zu verlangen. Die Daten werden ausschlie\u00dflich f\u00fcr den vertraglich vorgesehenen Zweck verwendet.<\/p>\n<p>3. F\u00fcr h\u00f6chsten Genuss beim Verzehr der Stollen sollte die richtige Lagerung beachtet werden, da diese entscheidend f\u00fcr die Qualit\u00e4t und Haltbarkeit der Stollen ist. Sorgen Sie f\u00fcr eine k\u00fchle Lagerung bei erh\u00f6hter Luftfeuchtigkeit, damit das Weihnachtsgeb\u00e4ck mehrere Wochen seinen ausgezeichneten Geschmack und die erforderliche Feuchtigkeit beh\u00e4lt. M\u00f6glichst bei 50 \u2013 80 % relativer Luftfeuchte lagern. Die Temperatur sollte sich im Bereich zwischen 10 und 18 Grad Celsius befinden. Die Stollen nicht unmittelbar der Sonneneinstrahlung aussetzen. Lagerung im Original-Karton bzw. \u2013Dose.<\/p>\n<p style=\"text-align: center;\"><strong>\u00a7 7. GEW\u00c4HRLEISTUNG \/ SCHADENSERSATZ \/ HAFTUNG \/ HAFTUNGSAUSSCHLUSS<\/strong><\/p>\n<p>1. Insofern nachstehend nichts Gegenteiliges geregelt ist, gelten im Hinblick auf die Sachm\u00e4ngelhaftung und die Gew\u00e4hrleistung die gesetzlichen Vorschriften.<\/p>\n<p>2. Weitergehende Schadensersatzanspr\u00fcche, als die in diesem Vertrag geregelten Anspr\u00fcche, in etwa wegen verz\u00f6gerter Leistungserbringung und\/oder Verletzung einer vertraglichen Verpflichtung sind ausgeschlossen, es sei denn, dass diese auf Vorsatz, grobe Fahrl\u00e4ssigkeit, arglistiges Verschweigen oder wegen der Verletzung des Lebens, des K\u00f6rpers oder Gesundheit zur\u00fcckzuf\u00fchren sind. Vorstehender Haftungsausschluss gilt ferner nicht, wenn eine wesentliche Vertragspflicht verletzt wird oder Anspr\u00fcche aus dem Produkthaftungsgesetz bestehen. Im \u00dcbrigen gelten die gesetzlichen Bestimmungen. Diese Haftungsausschl\u00fcsse beziehen sich ebenso auf die T\u00e4tigkeit unserer Erf\u00fcllungsgehilfen.<\/p>\n<p style=\"text-align: center;\"><strong>\u00a7 8. GEFAHR\u00dcBERGANG<\/strong><\/p>\n<p>Die Gefahr des Unterganges der Ware geht erst mit \u00dcbergabe der Ware an den Kunden \u00fcber, wenn der Kunde die Bestellung in seiner Eigenschaft als Verbraucher abgegeben hat.<\/p>\n<p style=\"text-align: center;\"><strong>\u00a7 9. WIDERRUFSRECHT F\u00dcR VERBRAUCHER (BESTELLUNG INTERNETSHOP)<\/strong><\/p>\n<p><strong>Widerrufsbelehrung<\/strong><\/p>\n<p><strong>Widerrufsrecht<\/strong><br \/>\nDer Besteller hat das Recht, binnen vierzehn Tagen ohne Angaben von Gr\u00fcnden diesen Vertrag zu widerrufen. Die Widerrufsfrist betr\u00e4gt vierzehn Tage ab dem Tag an dem der Besteller oder ein von ihm benannter Dritter, der nicht der Bef\u00f6rderer ist, die erste Ware in Besitz genommen hat. Um Ihr Widerrufsrecht auszu\u00fcben, m\u00fcssen Sie uns CFG Fischer GmbH, Gesch\u00e4ftsf\u00fchrer: Kristina Fischer, Gambrinusstra\u00dfe 16, 01159 Dresden, E-Mail: info@der-foodie.de, Tel.: 0351 \/ 49 766 391, Fax.: 0351 \/ 49 766 392) mittels einer eindeutigen Erkl\u00e4rung (z.B. ein mit der Post versandter Brief, Telefax oder E-Mail) \u00fcber Ihren Entschluss, diesen Vertrag zu widerrufen, informieren. Sie k\u00f6nnen daf\u00fcr das beigef\u00fcgte Muster-Widerrufsformular verwenden, da jedoch nicht vorgeschrieben ist.<\/p>\n<p>Zur Wahrung der Widerrufsfrist reicht es aus, dass Sie die Mitteilung \u00fcber die Aus\u00fcbung des Widerrufsrechts vor Ablauf der Widerrufsfrist absenden.<\/p>\n<p><strong>Folgen des Widerrufs<\/strong><br \/>\nWenn Sie diesen Vertrag widerrufen, haben wir Ihnen alle Zahlungen, die wir von Ihnen erhalten haben, einschlie\u00dflich der Lieferkosten (mit Ausnahme der zus\u00e4tzlichen Kosten, dies sich daraus ergeben, dass Sie eine andere Art der Lieferung als die von uns angebotene, g\u00fcnstige Standardlieferung gew\u00e4hlt haben), unverz\u00fcglich und sp\u00e4testens binnen vierzehn Tagen ab dem Tag zur\u00fcckzuzahlen, an dem die Mitteilung \u00fcber Ihren Widerruf bei uns eingegangen ist. F\u00fcr diese R\u00fcckzahlung verwenden wir dasselbe Zahlungsmittel, das Sie bei der urspr\u00fcnglichen Transaktion eingesetzt haben, es sei denn, mit Ihnen wurde ausdr\u00fccklich etwas anderes vereinbart; in keinem Fall werden Ihnen wegen dieser R\u00fcckzahlung Entgelte berechnet. Wir k\u00f6nnen die R\u00fcckzahlung verweigern, bis wir die Waren wieder zur\u00fcckerhalten haben oder bis Sie den Nachweis erbracht haben, dass Sie die Waren zur\u00fcckgesandt haben, je nachdem, welches der fr\u00fchere Zeitpunkt ist. Sie haben die Waren unverz\u00fcglich und in jedem Fall sp\u00e4testens binnen vierzehn Tagen ab dem Tag, an dem Sie uns \u00fcber den Widerruf dieses Vertrages unterrichten, an uns zur\u00fcckzusenden oder zu \u00fcbergeben. Die Frist ist gewahrt, wenn Sie die Waren vor Ablauf der Frist von vierzehn Tagen absenden. Sie tragen die unmittelbaren Kosten der R\u00fccksendung der Waren. Sie m\u00fcssen f\u00fcr einen etwaigen Wertverlust der Waren nur aufkommen, wenn dieser Wertverlust auf einen zur Pr\u00fcfung der Beschaffenheit, Eigenschaften und Funktionsweise der Waren nicht notwendigen Umgang mit ihnen zur\u00fcckzuf\u00fchren ist.<\/p>\n<p><strong>Ende der Widerrufsbelehrung<\/strong><\/p>\n<p><a href=\"https:\/\/www.dresden-christmas.de\/Widerruf-Muster-n.pdf\" target=\"_blank\" rel=\"noopener noreferrer\">Hier k\u00f6nnen Sie ein Muster-Widerrufsformular herunterladen.<\/a><\/p>\n<p>&nbsp;<\/p>\n<p><strong>Musterwiderrufsformular<\/strong><\/p>\n<p>Wenn Sie den Vertrag widerrufen wollen, dann f\u00fcllen Sie bitte dieses Formular aus und senden es zur\u00fcck an:<\/p>\n<p>CFG Fischer GmbH,<br \/>\nGambrinusstra\u00dfe 16<br \/>\n01159 Dresden,<\/p>\n<p>E-Mail: info@der-foodie.de<\/p>\n<p>Hiermit widerrufe(n) ich\/ wir den von mir\/uns abgeschlossenen Vertrag \u00fcber die Lieferung der folgenden Waren:__________________________________________________________________________________________________________________________________________________________________________________________________________________________________________________________________________________________________________________________________________________________________________________________________________________________________________________________________<br \/>\nName des\/der Verbraucher(s): ____________________________________________________________<br \/>\nAnschrift des\/der Verbraucher(s):_______________________________________________________________________________________________________________________________________________________________________________________________________________________________________________________________________________________________<br \/>\nDatum<br \/>\nUnterschrift des\/der Verbraucher(s)<br \/>\n(nur bei Mitteilung auf Papier) Unzutreffendes streichen.<\/p>\n<p style=\"text-align: center;\"><strong>\u00a7 10. Schlussbestimmungen<\/strong><\/p>\n<p>1. Auf die Gesch\u00e4ftsbeziehungen zwischen uns und dem Kunden findet ausschlie\u00dflich das Recht der Bundesrepublik Deutschland unter Ausschluss des UN-Kaufrechts Anwendung. Die Vertragssprache ist deutsch.<\/p>\n<p>2. Sollten einzelne Bestimmungen dieser AGB unwirksam sein oder auf Grund vertraglicher Vereinbarung abge\u00e4ndert werden, ber\u00fchrt dies nicht die Wirksamkeit der \u00fcbrigen Bestimmungen dieser AGB, es sei denn, dass das Festhalten am Vertrag eine unzumutbare H\u00e4rte f\u00fcr eine Partei darstellen w\u00fcrde.<\/p>\n<p>3. Ist der Kunde Kaufmann, eine juristische Person des \u00f6ffentlichen Rechts oder ein \u00f6ffentlich-rechtliches Sonderverm\u00f6gen, ist Gerichtsstand f\u00fcr alle Streitigkeiten aus Vertragsverh\u00e4ltnissen zwischen uns und dem Kunden unser Sitz. Dasselbe gilt, wenn der Kunde keinen allgemeinen Gerichtsstand in Deutschland oder einem anderen EU-Mitgliedsstaat hat oder Wohnsitz oder gew\u00f6hnlicher Aufenthalt zum Zeitpunkt der Klageerhebung nicht bekannt sind.<\/p>\n<p>Stand: 05.02.2026<\/p>\n<p><strong>Anbieterkennzeichnung:<\/strong><br \/>\nCFG Fischer GmbH<br \/>\nGambrinusstr. 16<br \/>\n01159 Dresden<\/p>\n<p>Fon: 0351\/49 76 63 91<br \/>\nFax: 0351\/49 76 63 92<br \/>\nE-Mail: info@der-foodie.de<\/p>\n<p>www.der-foodie.de<\/p>\n<p>Steuer-Nr.: <span class=\"angtext\">203\/107\/18115<\/span><br \/>\nUSt-IdNr.: <span class=\"angtext\">295 720 954<\/span><\/p>\n<p>&nbsp;<\/p>\n<p><a href=\"https:\/\/www.der-foodie.de\/agb-foodie.pdf\" target=\"_blank\" rel=\"noopener noreferrer\">AGB &#8211; Download (pdf)<\/a><br \/>\n<a href=\"https:\/\/www.der-foodie.de\/Musterwiderrufsformular-foodie.pdf\" target=\"_blank\" rel=\"noopener noreferrer\">Musterwiderrufs-Formular Download (pdf)<\/a><\/p>\n<h2>Veranstaltungen<\/h2>\n<p><strong>1. Allgemein<\/strong><br \/>\nDer food!e bietet food!e-Genuss-Abende an. Die jeweiligen Termine und das Men\u00fc werden auf www.der-foodie.de rechtzeitig bekannt gegeben. Gastkoch Andr\u00e9 M\u00fchlfriedel wird zusammen mit Adrian Sch\u00f6nfeld ein mehrg\u00e4ngiges Men\u00fc vorbereiten.<br \/>\nDie Anzahl der G\u00e4ste ist dabei auf 10 Personen begrenzt.<\/p>\n<p><strong>2. Anmeldung<\/strong><br \/>\n\u00dcber unsere Seite <a href=\"https:\/\/www.der-foodie.de\/home\/veranstaltungen\/\">Veranstaltungen<\/a> ist die Anmeldung per Formular m\u00f6glich. Die Anmeldung f\u00fcr den food!e-Genuss-Abend kann ebenfalls per Post, Fax oder E-mail erfolgen.<\/p>\n<p><strong>3. Preise<\/strong><br \/>\nDie Preise verstehen sich inklusive der gesetzlichen Mehrwertsteuer.<\/p>\n<p><strong>4. Zahlung<\/strong><br \/>\nDie Zahlung erfolgt im Voraus nach Rechnungsstellung per U\u0308berweisung bis 14 Tage vor dem angegebenen Termin.<\/p>\n<p><strong>5. Absagen \/ Stornierungen \/ Erstattungen<\/strong><br \/>\nDie Durchfu\u0308hrung eines food!e-Genuss-Abends steht unter dem Vorbehalt des Erreichens der im Angebot festgelegten Mindestteilnehmerzahl sowie der vollsta\u0308ndigen Zahlung des Men\u00fcpreises bis 14 Tage vor dem Veranstaltungstermin. Bei versp\u00e4tetem Eingang Ihrer Zahlung k\u00f6nnen wir Ihre Buchung leider nicht ber\u00fccksichtigen. Bei Stornierungen bis 7 Tage vor Termin berechnen wir 50 % der Men\u00fckosten. Bei Nichterscheinen k\u00f6nnen wir den Rechnungsbetrag nicht erstatten. Es besteht kein Anspruch auf eine R\u00fcckerstattung des Betrages.<\/p>\n<p>Sollte die Mindestteilnehmerzahl nicht erreicht werden und die Veranstaltung nicht stattfinden, werden bereits gezahlte Betr\u00e4ge r\u00fcckerstattet.<\/p>\n<h2>Catering<\/h2>\n<p><strong>1. Angebot\/ Vertragsabschluss:<\/strong><br \/>\nDer Vertrag kommt mit der schriftlichen Auftragsbest\u00e4tigung des Kunden\/Auftragnehmers zustande.<\/p>\n<p><strong>2. Mietweise \u00dcberlassung:<\/strong><br \/>\nDem Kunden\/Mieter obliegt eine Sorgfaltspflicht f\u00fcr die angemieteten Gegenst\u00e4nde von der \u00dcbernahme bis zur R\u00fcckgabe. Leihgeschirr bzw. mietweise \u00fcberlassene Gegenst\u00e4nde hat der Auftraggeber pfleglich zu behandeln und zum vereinbarten R\u00fcckholtermin zur\u00fcckzugeben, bzw. zur Abholung bereitzustellen. F\u00fcr besch\u00e4digte oder verloren gegangene Gegenst\u00e4nde hat der Auftraggeber vollen Ersatz in H\u00f6he der Wiederbeschaffungskosten des verloren gegangenen bzw. besch\u00e4digten Gegenstandes zu leisten.<\/p>\n<p>Wenn nichts anderes vereinbart wurde, ist die Leihware, welche mit Getr\u00e4nken und Speisen in Kontakt war, aus hygienischen Gr\u00fcnden grob vorzureinigen. Wir behalten uns vor, Reinigungskosten f\u00fcr nicht grob vorgereinigte Leihware in Rechnung zu stellen.<\/p>\n<p><strong>3. Gew\u00e4hrleistung:<\/strong><br \/>\nWir tragen daf\u00fcr Sorge, dass die auszuliefenden Speisen sorgf\u00e4ltig und vorschriftsm\u00e4\u00dfig transportiert werden. Der Auftraggeber hat die Ware sowie evtl. Leihzubeh\u00f6r bei Anlieferung zu pr\u00fcfen und erkennbare M\u00e4ngel oder Fehlmengen&nbsp; sofort bei Lieferung anzuzeigen. Der Umtausch falsch bestellter Ware ist bei Lebens- und Genussmitteln nicht m\u00f6glich. Verdeckte M\u00e4ngel an gelieferten Waren (verderbliche Lebensmittel) m\u00fcssen unverz\u00fcglich nach Erkennen mitgeteilt werden.&nbsp;F\u00fcr unsachgem\u00e4\u00dfe Lagerung der Ware durch den Kunden und dadurch eventuell entstandene M\u00e4ngel,&nbsp;\u00fcbernimmt Gourmet Dresden keine Haftung. F\u00fcr Sch\u00e4den, die durch h\u00f6here Gewalt entstehen, \u00fcbernehmen wir keine Schadensersatzanspr\u00fcche.<\/p>\n","protected":false},"excerpt":{"rendered":"<p>AGB &#8211; Download (pdf) Musterwiderrufs-Formular Download (pdf) ALLGEMEINE GESCH\u00c4FTSBEDINGUNGEN CFG FISCHER GMBH Diese allgemeinen Gesch\u00e4ftsbedingungen (im Folgenden nur noch als AGB bezeichnet) finden Anwendung auf alle rechtlichen Beziehungen zwischen der CFG Fischer GmbH (im Folgenden nur noch als CFG Fischer bezeichnet) und Kunden von CFG Fischer (im Folgenden nur noch als Kunde und \/ oder [&hellip;]<\/p>\n","protected":false},"author":1,"featured_media":0,"parent":0,"menu_order":0,"comment_status":"closed","ping_status":"closed","template":"","meta":[],"_links":{"self":[{"href":"https:\/\/www.der-foodie.de\/home\/wp-json\/wp\/v2\/pages\/965"}],"collection":[{"href":"https:\/\/www.der-foodie.de\/home\/wp-json\/wp\/v2\/pages"}],"about":[{"href":"https:\/\/www.der-foodie.de\/home\/wp-json\/wp\/v2\/types\/page"}],"author":[{"embeddable":true,"href":"https:\/\/www.der-foodie.de\/home\/wp-json\/wp\/v2\/users\/1"}],"replies":[{"embeddable":true,"href":"https:\/\/www.der-foodie.de\/home\/wp-json\/wp\/v2\/comments?post=965"}],"version-history":[{"count":12,"href":"https:\/\/www.der-foodie.de\/home\/wp-json\/wp\/v2\/pages\/965\/revisions"}],"predecessor-version":[{"id":3473,"href":"https:\/\/www.der-foodie.de\/home\/wp-json\/wp\/v2\/pages\/965\/revisions\/3473"}],"wp:attachment":[{"href":"https:\/\/www.der-foodie.de\/home\/wp-json\/wp\/v2\/media?parent=965"}],"curies":[{"name":"wp","href":"https:\/\/api.w.org\/{rel}","templated":true}]}}